{"id":6,"date":"2021-02-03T21:02:17","date_gmt":"2021-02-03T20:02:17","guid":{"rendered":"http:\/\/jolben.eu\/?page_id=6"},"modified":"2021-05-18T21:54:00","modified_gmt":"2021-05-18T19:54:00","slug":"o-nas","status":"publish","type":"page","link":"https:\/\/jolben.pl\/?page_id=6","title":{"rendered":"O nas"},"content":{"rendered":"\n<p><strong>Ci\u0119\u017car\u00f3wki to nasza pasja<\/strong><\/p>\n\n\n\n<p>Na pomorskim rynku zaistnieli\u015bmy ju\u017c w&nbsp;1988&nbsp;roku. Pocz\u0105tkowo zajmowali\u015bmy si\u0119 tylko transportem samochodowym. Naszym klientom oferujemy pojazdy ci\u0119\u017carowe r\u00f3\u017cnych konfiguracji, samochody specjalistyczne, autobusy, maszyny budowlane, d\u017awigi, koparki, \u0142adowarki, spycharki, podno\u015bniki koszowe. Dzi\u0119ki wieloletniemu do\u015bwiadczeniu w bran\u017cy samochodowej, \u015bwiadczymy fachowe doradztwo.<\/p>\n\n\n\n<p><\/p>\n","protected":false},"excerpt":{"rendered":"<p>Ci\u0119\u017car\u00f3wki to nasza pasja Na pomorskim rynku zaistnieli\u015bmy ju\u017c w&nbsp;1988&nbsp;roku. Pocz\u0105tkowo zajmowali\u015bmy si\u0119 tylko transportem samochodowym. Naszym klientom oferujemy pojazdy ci\u0119\u017carowe r\u00f3\u017cnych konfiguracji, samochody specjalistyczne, autobusy, maszyny budowlane, d\u017awigi, koparki, \u0142adowarki, spycharki, podno\u015bniki koszowe. Dzi\u0119ki&hellip;<\/p>\n","protected":false},"author":1,"featured_media":0,"parent":0,"menu_order":0,"comment_status":"closed","ping_status":"closed","template":"","meta":[],"_links":{"self":[{"href":"https:\/\/jolben.pl\/index.php?rest_route=\/wp\/v2\/pages\/6"}],"collection":[{"href":"https:\/\/jolben.pl\/index.php?rest_route=\/wp\/v2\/pages"}],"about":[{"href":"https:\/\/jolben.pl\/index.php?rest_route=\/wp\/v2\/types\/page"}],"author":[{"embeddable":true,"href":"https:\/\/jolben.pl\/index.php?rest_route=\/wp\/v2\/users\/1"}],"replies":[{"embeddable":true,"href":"https:\/\/jolben.pl\/index.php?rest_route=%2Fwp%2Fv2%2Fcomments&post=6"}],"version-history":[{"count":4,"href":"https:\/\/jolben.pl\/index.php?rest_route=\/wp\/v2\/pages\/6\/revisions"}],"predecessor-version":[{"id":301,"href":"https:\/\/jolben.pl\/index.php?rest_route=\/wp\/v2\/pages\/6\/revisions\/301"}],"wp:attachment":[{"href":"https:\/\/jolben.pl\/index.php?rest_route=%2Fwp%2Fv2%2Fmedia&parent=6"}],"curies":[{"name":"wp","href":"https:\/\/api.w.org\/{rel}","templated":true}]}}