{"id":67,"date":"2021-02-17T20:48:18","date_gmt":"2021-02-17T19:48:18","guid":{"rendered":"http:\/\/jolben.eu\/?page_id=67"},"modified":"2025-03-01T21:04:10","modified_gmt":"2025-03-01T20:04:10","slug":"jolben","status":"publish","type":"page","link":"https:\/\/jolben.pl\/","title":{"rendered":"JOLBEN"},"content":{"rendered":"\n<div class=\"wp-block-columns is-layout-flex wp-container-3\">\n<div class=\"wp-block-column is-layout-flow\">\n<figure class=\"wp-block-image size-large\"><a href=\"http:\/\/jolben.pl\/?page_id=47&amp;product_category=4\"><img decoding=\"async\" loading=\"lazy\" width=\"1024\" height=\"768\" src=\"http:\/\/jolben.eu\/wp-content\/uploads\/2021\/03\/SAMOCHODY-CIEZAROWE-1024x768.png\" alt=\"\" class=\"wp-image-100\" srcset=\"https:\/\/jolben.pl\/wp-content\/uploads\/2021\/03\/SAMOCHODY-CIEZAROWE-1024x768.png 1024w, https:\/\/jolben.pl\/wp-content\/uploads\/2021\/03\/SAMOCHODY-CIEZAROWE-300x225.png 300w, https:\/\/jolben.pl\/wp-content\/uploads\/2021\/03\/SAMOCHODY-CIEZAROWE-768x576.png 768w, https:\/\/jolben.pl\/wp-content\/uploads\/2021\/03\/SAMOCHODY-CIEZAROWE-1536x1152.png 1536w, https:\/\/jolben.pl\/wp-content\/uploads\/2021\/03\/SAMOCHODY-CIEZAROWE-600x450.png 600w, https:\/\/jolben.pl\/wp-content\/uploads\/2021\/03\/SAMOCHODY-CIEZAROWE-213x160.png 213w, https:\/\/jolben.pl\/wp-content\/uploads\/2021\/03\/SAMOCHODY-CIEZAROWE.png 1600w\" sizes=\"(max-width: 1024px) 100vw, 1024px\" \/><\/a><\/figure>\n<\/div>\n\n\n\n<div class=\"wp-block-column is-layout-flow\">\n<figure class=\"wp-block-image size-large\"><a href=\"http:\/\/jolben.pl\/?page_id=47&amp;product_category=5\"><img decoding=\"async\" loading=\"lazy\" width=\"1024\" height=\"768\" src=\"http:\/\/jolben.eu\/wp-content\/uploads\/2021\/04\/NACZEPY-PRZYCZEPY-1024x768.png\" alt=\"\" class=\"wp-image-122\" srcset=\"https:\/\/jolben.pl\/wp-content\/uploads\/2021\/04\/NACZEPY-PRZYCZEPY-1024x768.png 1024w, https:\/\/jolben.pl\/wp-content\/uploads\/2021\/04\/NACZEPY-PRZYCZEPY-300x225.png 300w, https:\/\/jolben.pl\/wp-content\/uploads\/2021\/04\/NACZEPY-PRZYCZEPY-768x576.png 768w, https:\/\/jolben.pl\/wp-content\/uploads\/2021\/04\/NACZEPY-PRZYCZEPY-1536x1152.png 1536w, https:\/\/jolben.pl\/wp-content\/uploads\/2021\/04\/NACZEPY-PRZYCZEPY-600x450.png 600w, https:\/\/jolben.pl\/wp-content\/uploads\/2021\/04\/NACZEPY-PRZYCZEPY-213x160.png 213w, https:\/\/jolben.pl\/wp-content\/uploads\/2021\/04\/NACZEPY-PRZYCZEPY.png 1600w\" sizes=\"(max-width: 1024px) 100vw, 1024px\" \/><\/a><\/figure>\n<\/div>\n<\/div>\n\n\n\n<div class=\"wp-block-columns is-layout-flex wp-container-6\">\n<div class=\"wp-block-column is-layout-flow\">\n<figure class=\"wp-block-image size-large\"><a href=\"http:\/\/jolben.pl\/?page_id=47&amp;product_category=6\"><img decoding=\"async\" loading=\"lazy\" width=\"1024\" height=\"768\" src=\"http:\/\/jolben.eu\/wp-content\/uploads\/2021\/04\/MASZYNY-BUDOWLANE2-1024x768.png\" alt=\"\" class=\"wp-image-126\" srcset=\"https:\/\/jolben.pl\/wp-content\/uploads\/2021\/04\/MASZYNY-BUDOWLANE2-1024x768.png 1024w, https:\/\/jolben.pl\/wp-content\/uploads\/2021\/04\/MASZYNY-BUDOWLANE2-300x225.png 300w, https:\/\/jolben.pl\/wp-content\/uploads\/2021\/04\/MASZYNY-BUDOWLANE2-768x576.png 768w, https:\/\/jolben.pl\/wp-content\/uploads\/2021\/04\/MASZYNY-BUDOWLANE2-1536x1152.png 1536w, https:\/\/jolben.pl\/wp-content\/uploads\/2021\/04\/MASZYNY-BUDOWLANE2-600x450.png 600w, https:\/\/jolben.pl\/wp-content\/uploads\/2021\/04\/MASZYNY-BUDOWLANE2-213x160.png 213w, https:\/\/jolben.pl\/wp-content\/uploads\/2021\/04\/MASZYNY-BUDOWLANE2.png 1600w\" sizes=\"(max-width: 1024px) 100vw, 1024px\" \/><\/a><\/figure>\n<\/div>\n\n\n\n<div class=\"wp-block-column is-layout-flow\">\n<figure class=\"wp-block-image size-large\"><a href=\"http:\/\/jolben.pl\/?page_id=47&amp;product_category=7\"><img decoding=\"async\" loading=\"lazy\" width=\"1024\" height=\"768\" src=\"http:\/\/jolben.eu\/wp-content\/uploads\/2021\/04\/CZESCI-1024x768.png\" alt=\"\" class=\"wp-image-134\" srcset=\"https:\/\/jolben.pl\/wp-content\/uploads\/2021\/04\/CZESCI-1024x768.png 1024w, https:\/\/jolben.pl\/wp-content\/uploads\/2021\/04\/CZESCI-300x225.png 300w, https:\/\/jolben.pl\/wp-content\/uploads\/2021\/04\/CZESCI-768x576.png 768w, https:\/\/jolben.pl\/wp-content\/uploads\/2021\/04\/CZESCI-1536x1152.png 1536w, https:\/\/jolben.pl\/wp-content\/uploads\/2021\/04\/CZESCI-600x450.png 600w, https:\/\/jolben.pl\/wp-content\/uploads\/2021\/04\/CZESCI-213x160.png 213w, https:\/\/jolben.pl\/wp-content\/uploads\/2021\/04\/CZESCI.png 1600w\" sizes=\"(max-width: 1024px) 100vw, 1024px\" \/><\/a><\/figure>\n<\/div>\n<\/div>\n\n\n\n<div style=\"height:100px\" aria-hidden=\"true\" class=\"wp-block-spacer\"><\/div>\n\n\n\n<p class=\"has-medium-font-size\"><strong>Ci\u0119\u017car\u00f3wki to nasza pasja<\/strong><\/p>\n\n\n\n<p>Na pomorskim rynku zaistnieli\u015bmy ju\u017c w&nbsp;1988&nbsp;roku. Pocz\u0105tkowo zajmowali\u015bmy si\u0119 tylko transportem samochodowym. Naszym klientom oferujemy pojazdy ci\u0119\u017carowe r\u00f3\u017cnych konfiguracji, samochody specjalistyczne, autobusy, maszyny budowlane, d\u017awigi, koparki, \u0142adowarki, spycharki, podno\u015bniki koszowe. Dzi\u0119ki wieloletniemu do\u015bwiadczeniu w bran\u017cy samochodowej, \u015bwiadczymy fachowe doradztwo.<\/p>\n\n\n\n<div style=\"height:100px\" aria-hidden=\"true\" class=\"wp-block-spacer\"><\/div>\n\n\n<div class=\"product-list responsive default  per-row-3\"  data-ic_ajax_query='{\"post_type\":\"al_product\",\"posts_per_page\":6,\"archive_template\":\"default\"}'>\r\n\r\n<div class=\"al_archive product-303 modern-grid-element grey-box ic-design publish no-price\">\r\n\t<div class=\"pseudo\"><\/div>\r\n\t<a href=\"https:\/\/jolben.pl\/?produkt=scania\"><img width=\"600\" height=\"384\" src=\"https:\/\/jolben.pl\/wp-content\/uploads\/2021\/06\/20210608_181620-600x384.jpg\" class=\"modern-grid-image\" alt=\"Scania\" decoding=\"async\" loading=\"lazy\" \/>\t\t<h3 class=\"product-name grey-box ic-design\">Scania<\/h3>\r\n\t\t\t<\/a>\r\n<\/div>\r\n\r\n\r\n\r\n<div class=\"al_archive product-284 modern-grid-element grey-box ic-design publish no-price\">\r\n\t<div class=\"pseudo\"><\/div>\r\n\t<a href=\"https:\/\/jolben.pl\/?produkt=man-4140-hydroburta-2010r\"><img width=\"600\" height=\"384\" src=\"https:\/\/jolben.pl\/wp-content\/uploads\/2021\/05\/IMG-20210513-WA0003-600x384.jpg\" class=\"modern-grid-image\" alt=\"MAN 4140 ,hydroburta, 2010r\" decoding=\"async\" loading=\"lazy\" \/>\t\t<h3 class=\"product-name grey-box ic-design\">MAN 4140 ,hydroburta, 2010r<\/h3>\r\n\t\t\t<\/a>\r\n<\/div>\r\n\r\n\r\n\r\n<div class=\"al_archive product-278 modern-grid-element grey-box ic-design publish no-price\">\r\n\t<div class=\"pseudo\"><\/div>\r\n\t<a href=\"https:\/\/jolben.pl\/?produkt=volvo-l-120-g-2012r\"><img width=\"600\" height=\"384\" src=\"https:\/\/jolben.pl\/wp-content\/uploads\/2021\/05\/20200706_202951-600x384.jpg\" class=\"modern-grid-image\" alt=\"Volvo L 120 G 2012r\" decoding=\"async\" loading=\"lazy\" \/>\t\t<h3 class=\"product-name grey-box ic-design\">Volvo L 120 G 2012r<\/h3>\r\n\t\t\t<\/a>\r\n<\/div>\r\n\r\n\r\n\r\n<div class=\"al_archive product-257 modern-grid-element grey-box ic-design publish no-price\">\r\n\t<div class=\"pseudo\"><\/div>\r\n\t<a href=\"https:\/\/jolben.pl\/?produkt=volvo-ec140el-2019r\"><img width=\"600\" height=\"384\" src=\"https:\/\/jolben.pl\/wp-content\/uploads\/2021\/05\/20210420_134013-600x384.jpg\" class=\"modern-grid-image\" alt=\"Volvo ec140el , 2019r\" decoding=\"async\" loading=\"lazy\" \/>\t\t<h3 class=\"product-name grey-box ic-design\">Volvo ec140el , 2019r<\/h3>\r\n\t\t\t<\/a>\r\n<\/div>\r\n\r\n\r\n\r\n<div class=\"al_archive product-247 modern-grid-element grey-box ic-design publish no-price\">\r\n\t<div class=\"pseudo\"><\/div>\r\n\t<a href=\"https:\/\/jolben.pl\/?produkt=renault-kerax-6x4-hydroburta\"><img width=\"600\" height=\"384\" src=\"https:\/\/jolben.pl\/wp-content\/uploads\/2021\/05\/20200908_155752-600x384.jpg\" class=\"modern-grid-image\" alt=\"Renault Kerax, 6&#215;4  hydroburta\" decoding=\"async\" loading=\"lazy\" \/>\t\t<h3 class=\"product-name grey-box ic-design\">Renault Kerax, 6&#215;4  hydroburta<\/h3>\r\n\t\t\t<\/a>\r\n<\/div>\r\n\r\n\r\n\r\n<div class=\"al_archive product-238 modern-grid-element grey-box ic-design publish no-price\">\r\n\t<div class=\"pseudo\"><\/div>\r\n\t<a href=\"https:\/\/jolben.pl\/?produkt=scania-p380-wywrotka-6x4-2006r\"><img width=\"600\" height=\"384\" src=\"https:\/\/jolben.pl\/wp-content\/uploads\/2021\/05\/20210427_111839-600x384.jpg\" class=\"modern-grid-image\" alt=\"Scania P380 wywrotka 6&#215;4, 2006r\" decoding=\"async\" loading=\"lazy\" \/>\t\t<h3 class=\"product-name grey-box ic-design\">Scania P380 wywrotka 6&#215;4, 2006r<\/h3>\r\n\t\t\t<\/a>\r\n<\/div>\r\n\r\n<div style=\"clear:both\"><\/div><\/div>\n\n\n<div style=\"height:100px\" aria-hidden=\"true\" class=\"wp-block-spacer\"><\/div>\n\n\n\n<p><\/p>\n","protected":false},"excerpt":{"rendered":"<p>Ci\u0119\u017car\u00f3wki to nasza pasja Na pomorskim rynku zaistnieli\u015bmy ju\u017c w&nbsp;1988&nbsp;roku. Pocz\u0105tkowo zajmowali\u015bmy si\u0119 tylko transportem samochodowym. Naszym klientom oferujemy pojazdy ci\u0119\u017carowe r\u00f3\u017cnych konfiguracji, samochody specjalistyczne, autobusy, maszyny budowlane, d\u017awigi, koparki, \u0142adowarki, spycharki, podno\u015bniki koszowe. Dzi\u0119ki&hellip;<\/p>\n","protected":false},"author":1,"featured_media":0,"parent":0,"menu_order":1,"comment_status":"closed","ping_status":"closed","template":"","meta":[],"_links":{"self":[{"href":"https:\/\/jolben.pl\/index.php?rest_route=\/wp\/v2\/pages\/67"}],"collection":[{"href":"https:\/\/jolben.pl\/index.php?rest_route=\/wp\/v2\/pages"}],"about":[{"href":"https:\/\/jolben.pl\/index.php?rest_route=\/wp\/v2\/types\/page"}],"author":[{"embeddable":true,"href":"https:\/\/jolben.pl\/index.php?rest_route=\/wp\/v2\/users\/1"}],"replies":[{"embeddable":true,"href":"https:\/\/jolben.pl\/index.php?rest_route=%2Fwp%2Fv2%2Fcomments&post=67"}],"version-history":[{"count":26,"href":"https:\/\/jolben.pl\/index.php?rest_route=\/wp\/v2\/pages\/67\/revisions"}],"predecessor-version":[{"id":328,"href":"https:\/\/jolben.pl\/index.php?rest_route=\/wp\/v2\/pages\/67\/revisions\/328"}],"wp:attachment":[{"href":"https:\/\/jolben.pl\/index.php?rest_route=%2Fwp%2Fv2%2Fmedia&parent=67"}],"curies":[{"name":"wp","href":"https:\/\/api.w.org\/{rel}","templated":true}]}}